{"id":3164,"date":"2023-12-01T19:28:37","date_gmt":"2023-12-01T19:28:37","guid":{"rendered":"https:\/\/farmabrizovi.com\/?page_id=3164"},"modified":"2025-11-24T22:53:00","modified_gmt":"2025-11-24T22:53:00","slug":"strouhani-kopyt-hribat","status":"publish","type":"page","link":"https:\/\/farmabrizovi.com\/index.php\/aktuality\/strouhani-kopyt-hribat\/","title":{"rendered":"Strouh\u00e1n\u00ed kopyt h\u0159\u00edbat"},"content":{"rendered":"\t\t<div data-elementor-type=\"wp-page\" data-elementor-id=\"3164\" class=\"elementor elementor-3164\">\n\t\t\t\t\t\t<section class=\"elementor-section elementor-top-section elementor-element elementor-element-68e5a9b elementor-section-boxed elementor-section-height-default elementor-section-height-default\" data-id=\"68e5a9b\" data-element_type=\"section\">\n\t\t\t\t\t\t<div class=\"elementor-container elementor-column-gap-default\">\n\t\t\t\t\t<div class=\"elementor-column elementor-col-100 elementor-top-column elementor-element elementor-element-ea810dc\" data-id=\"ea810dc\" data-element_type=\"column\">\n\t\t\t<div class=\"elementor-widget-wrap elementor-element-populated\">\n\t\t\t\t\t\t<div class=\"elementor-element elementor-element-8bbea21 elementor-widget elementor-widget-heading\" data-id=\"8bbea21\" data-element_type=\"widget\" data-settings=\"{&quot;_animation&quot;:&quot;none&quot;,&quot;_animation_widescreen&quot;:&quot;none&quot;,&quot;_animation_tablet&quot;:&quot;none&quot;}\" data-widget_type=\"heading.default\">\n\t\t\t\t<div class=\"elementor-widget-container\">\n\t\t\t\t\t<h1 class=\"elementor-heading-title elementor-size-default\">Strouh\u00e1n\u00ed kopyt u h\u0159\u00edbat<\/h1>\t\t\t\t<\/div>\n\t\t\t\t<\/div>\n\t\t\t\t\t<\/div>\n\t\t<\/div>\n\t\t\t\t\t<\/div>\n\t\t<\/section>\n\t\t\t\t<section class=\"elementor-section elementor-top-section elementor-element elementor-element-d1878cf elementor-section-boxed elementor-section-height-default elementor-section-height-default\" data-id=\"d1878cf\" data-element_type=\"section\">\n\t\t\t\t\t\t<div class=\"elementor-container elementor-column-gap-default\">\n\t\t\t\t\t<div class=\"elementor-column elementor-col-100 elementor-top-column elementor-element elementor-element-82f92ec\" data-id=\"82f92ec\" data-element_type=\"column\">\n\t\t\t<div class=\"elementor-widget-wrap elementor-element-populated\">\n\t\t\t\t\t\t<div class=\"elementor-element elementor-element-c5e3172 elementor-widget elementor-widget-text-editor\" data-id=\"c5e3172\" data-element_type=\"widget\" data-widget_type=\"text-editor.default\">\n\t\t\t\t<div class=\"elementor-widget-container\">\n\t\t\t\t\t\t\t\t\t<p>M\u00e1me tu dal\u0161\u00ed p\u0159\u00edsp\u011bvek k p\u00e9\u010di o kopyta kon\u00ed. To, jak je to d\u016fle\u017eit\u00e9 jsme u\u017e probrali v <a href=\"https:\/\/farmabrizovi.com\/index.php\/aktuality\/trimovani-kopyt-koni\/\"><strong>minul\u00e9m <\/strong><strong>\u010d<\/strong><strong>l\u00e1nku<\/strong><\/a>, ale co takov\u00e1 h\u0159\u00edbata? Kdy je ide\u00e1ln\u00ed za\u010d\u00edt, a pro\u010d je to tak d\u016fle\u017eit\u00e9? Spr\u00e1vn\u00fd p\u0159\u00edstup u\u017e od h\u0159\u00edb\u011bte, je kl\u00ed\u010d k zdrav\u00e9mu koni do budoucna.<\/p><p>P\u00e9\u010de o kop\u00fdtka h\u0159\u00edbat mus\u00ed za\u010d\u00ednat v prvn\u00edch dnech po narozen\u00ed h\u0159\u00edb\u011bte. Pro spr\u00e1vn\u00fd v\u00fdvoj kopyt je tak\u00e9 d\u016fle\u017eit\u00e9 pravideln\u00e9 strouhan\u00ed. Od stavu kopyt se odv\u00edj\u00ed cel\u00fd postoj kon\u011b. V pr\u016fb\u011bhu prvn\u00edch \u0161esti m\u011bs\u00edc\u016f jsou chyby snadno napraviteln\u00e9, pozd\u011bji se u\u017e s postaven\u00edm kostry pracuje h\u016f\u0159e.<\/p><p>P\u0159i prohl\u00eddce si v\u0161\u00edm\u00e1me ch\u016fze, postoj\u016f a tvaru kop\u00fdtek. \u00daprava kop\u00fdtek se v\u011bt\u0161inou prov\u00e1d\u00ed jen ra\u0161pl\u00ed a kopytn\u00edm no\u017eem, z\u00e1sady pro \u00fapravu kop\u00fdtek jsou celkem stejn\u00e9 jako pro \u00fapravu kopyt dosp\u011bl\u00fdch kon\u00ed.<\/p><p>\u00a0<\/p>\t\t\t\t\t\t\t\t<\/div>\n\t\t\t\t<\/div>\n\t\t\t\t\t<\/div>\n\t\t<\/div>\n\t\t\t\t\t<\/div>\n\t\t<\/section>\n\t\t\t\t<section class=\"elementor-section elementor-top-section elementor-element elementor-element-8169a42 elementor-section-boxed elementor-section-height-default elementor-section-height-default\" data-id=\"8169a42\" data-element_type=\"section\">\n\t\t\t\t\t\t<div class=\"elementor-container elementor-column-gap-default\">\n\t\t\t\t\t<div class=\"elementor-column elementor-col-100 elementor-top-column elementor-element elementor-element-1df8bb8\" data-id=\"1df8bb8\" data-element_type=\"column\">\n\t\t\t<div class=\"elementor-widget-wrap elementor-element-populated\">\n\t\t\t\t\t\t<div class=\"elementor-element elementor-element-7857698 gallery-spacing-custom elementor-widget elementor-widget-image-gallery\" data-id=\"7857698\" data-element_type=\"widget\" data-widget_type=\"image-gallery.default\">\n\t\t\t\t<div class=\"elementor-widget-container\">\n\t\t\t\t\t\t\t<div class=\"elementor-image-gallery\">\n\t\t\t<div id='gallery-1' class='gallery galleryid-3164 gallery-columns-1 gallery-size-medium_large'><figure class='gallery-item'>\n\t\t\t<div class='gallery-icon portrait'>\n\t\t\t\t<a data-elementor-open-lightbox=\"no\" href='https:\/\/farmabrizovi.com\/wp-content\/uploads\/2023\/12\/P1160772-scaled.jpg'><img fetchpriority=\"high\" decoding=\"async\" width=\"768\" height=\"1151\" src=\"https:\/\/farmabrizovi.com\/wp-content\/uploads\/2023\/12\/P1160772-768x1151.jpg\" class=\"attachment-medium_large size-medium_large\" alt=\"\" srcset=\"https:\/\/farmabrizovi.com\/wp-content\/uploads\/2023\/12\/P1160772-768x1151.jpg 768w, https:\/\/farmabrizovi.com\/wp-content\/uploads\/2023\/12\/P1160772-200x300.jpg 200w, https:\/\/farmabrizovi.com\/wp-content\/uploads\/2023\/12\/P1160772-683x1024.jpg 683w, https:\/\/farmabrizovi.com\/wp-content\/uploads\/2023\/12\/P1160772-1025x1536.jpg 1025w, https:\/\/farmabrizovi.com\/wp-content\/uploads\/2023\/12\/P1160772-1367x2048.jpg 1367w, https:\/\/farmabrizovi.com\/wp-content\/uploads\/2023\/12\/P1160772-scaled.jpg 1708w\" sizes=\"(max-width: 768px) 100vw, 768px\" \/><\/a>\n\t\t\t<\/div><\/figure><figure class='gallery-item'>\n\t\t\t<div class='gallery-icon portrait'>\n\t\t\t\t<a data-elementor-open-lightbox=\"no\" href='https:\/\/farmabrizovi.com\/wp-content\/uploads\/2023\/12\/P1160784-scaled.jpg'><img decoding=\"async\" width=\"768\" height=\"1151\" src=\"https:\/\/farmabrizovi.com\/wp-content\/uploads\/2023\/12\/P1160784-768x1151.jpg\" class=\"attachment-medium_large size-medium_large\" alt=\"\" srcset=\"https:\/\/farmabrizovi.com\/wp-content\/uploads\/2023\/12\/P1160784-768x1151.jpg 768w, https:\/\/farmabrizovi.com\/wp-content\/uploads\/2023\/12\/P1160784-200x300.jpg 200w, https:\/\/farmabrizovi.com\/wp-content\/uploads\/2023\/12\/P1160784-683x1024.jpg 683w, https:\/\/farmabrizovi.com\/wp-content\/uploads\/2023\/12\/P1160784-1025x1536.jpg 1025w, https:\/\/farmabrizovi.com\/wp-content\/uploads\/2023\/12\/P1160784-1366x2048.jpg 1366w, https:\/\/farmabrizovi.com\/wp-content\/uploads\/2023\/12\/P1160784-scaled.jpg 1708w\" sizes=\"(max-width: 768px) 100vw, 768px\" \/><\/a>\n\t\t\t<\/div><\/figure><figure class='gallery-item'>\n\t\t\t<div class='gallery-icon portrait'>\n\t\t\t\t<a data-elementor-open-lightbox=\"no\" href='https:\/\/farmabrizovi.com\/wp-content\/uploads\/2023\/12\/P1160785-scaled.jpg'><img decoding=\"async\" width=\"768\" height=\"1151\" src=\"https:\/\/farmabrizovi.com\/wp-content\/uploads\/2023\/12\/P1160785-768x1151.jpg\" class=\"attachment-medium_large size-medium_large\" alt=\"\" srcset=\"https:\/\/farmabrizovi.com\/wp-content\/uploads\/2023\/12\/P1160785-768x1151.jpg 768w, https:\/\/farmabrizovi.com\/wp-content\/uploads\/2023\/12\/P1160785-200x300.jpg 200w, https:\/\/farmabrizovi.com\/wp-content\/uploads\/2023\/12\/P1160785-683x1024.jpg 683w, https:\/\/farmabrizovi.com\/wp-content\/uploads\/2023\/12\/P1160785-1025x1536.jpg 1025w, https:\/\/farmabrizovi.com\/wp-content\/uploads\/2023\/12\/P1160785-1367x2048.jpg 1367w, https:\/\/farmabrizovi.com\/wp-content\/uploads\/2023\/12\/P1160785-scaled.jpg 1708w\" sizes=\"(max-width: 768px) 100vw, 768px\" \/><\/a>\n\t\t\t<\/div><\/figure><figure class='gallery-item'>\n\t\t\t<div class='gallery-icon portrait'>\n\t\t\t\t<a data-elementor-open-lightbox=\"no\" href='https:\/\/farmabrizovi.com\/wp-content\/uploads\/2023\/12\/P1160797-scaled.jpg'><img loading=\"lazy\" decoding=\"async\" width=\"768\" height=\"1151\" src=\"https:\/\/farmabrizovi.com\/wp-content\/uploads\/2023\/12\/P1160797-768x1151.jpg\" class=\"attachment-medium_large size-medium_large\" alt=\"\" srcset=\"https:\/\/farmabrizovi.com\/wp-content\/uploads\/2023\/12\/P1160797-768x1151.jpg 768w, https:\/\/farmabrizovi.com\/wp-content\/uploads\/2023\/12\/P1160797-200x300.jpg 200w, https:\/\/farmabrizovi.com\/wp-content\/uploads\/2023\/12\/P1160797-683x1024.jpg 683w, https:\/\/farmabrizovi.com\/wp-content\/uploads\/2023\/12\/P1160797-1025x1536.jpg 1025w, https:\/\/farmabrizovi.com\/wp-content\/uploads\/2023\/12\/P1160797-1367x2048.jpg 1367w, https:\/\/farmabrizovi.com\/wp-content\/uploads\/2023\/12\/P1160797-scaled.jpg 1708w\" sizes=\"(max-width: 768px) 100vw, 768px\" \/><\/a>\n\t\t\t<\/div><\/figure><figure class='gallery-item'>\n\t\t\t<div class='gallery-icon portrait'>\n\t\t\t\t<a data-elementor-open-lightbox=\"no\" href='https:\/\/farmabrizovi.com\/wp-content\/uploads\/2023\/12\/P1160663-scaled.jpg'><img loading=\"lazy\" decoding=\"async\" width=\"768\" height=\"1151\" src=\"https:\/\/farmabrizovi.com\/wp-content\/uploads\/2023\/12\/P1160663-768x1151.jpg\" class=\"attachment-medium_large size-medium_large\" alt=\"\" srcset=\"https:\/\/farmabrizovi.com\/wp-content\/uploads\/2023\/12\/P1160663-768x1151.jpg 768w, https:\/\/farmabrizovi.com\/wp-content\/uploads\/2023\/12\/P1160663-200x300.jpg 200w, https:\/\/farmabrizovi.com\/wp-content\/uploads\/2023\/12\/P1160663-683x1024.jpg 683w, https:\/\/farmabrizovi.com\/wp-content\/uploads\/2023\/12\/P1160663-1025x1536.jpg 1025w, https:\/\/farmabrizovi.com\/wp-content\/uploads\/2023\/12\/P1160663-1367x2048.jpg 1367w, https:\/\/farmabrizovi.com\/wp-content\/uploads\/2023\/12\/P1160663-scaled.jpg 1708w\" sizes=\"(max-width: 768px) 100vw, 768px\" \/><\/a>\n\t\t\t<\/div><\/figure>\n\t\t<\/div>\n\t\t<\/div>\n\t\t\t\t\t\t<\/div>\n\t\t\t\t<\/div>\n\t\t\t\t\t<\/div>\n\t\t<\/div>\n\t\t\t\t\t<\/div>\n\t\t<\/section>\n\t\t\t\t<section class=\"elementor-section elementor-top-section elementor-element elementor-element-0f9eba6 elementor-section-boxed elementor-section-height-default elementor-section-height-default\" data-id=\"0f9eba6\" data-element_type=\"section\">\n\t\t\t\t\t\t<div class=\"elementor-container elementor-column-gap-default\">\n\t\t\t\t\t<div class=\"elementor-column elementor-col-100 elementor-top-column elementor-element elementor-element-9b26c54\" data-id=\"9b26c54\" data-element_type=\"column\">\n\t\t\t<div class=\"elementor-widget-wrap elementor-element-populated\">\n\t\t\t\t\t\t<div class=\"elementor-element elementor-element-6baf8e4 elementor-widget elementor-widget-image\" data-id=\"6baf8e4\" data-element_type=\"widget\" data-widget_type=\"image.default\">\n\t\t\t\t<div class=\"elementor-widget-container\">\n\t\t\t\t\t\t\t\t\t\t\t\t\t\t\t\t<a href=\"https:\/\/spolecenstvo-podkovaru.webnode.cz\/products\/vasatko-david\/\">\n\t\t\t\t\t\t\t<img loading=\"lazy\" decoding=\"async\" width=\"300\" height=\"278\" src=\"https:\/\/farmabrizovi.com\/wp-content\/uploads\/2023\/10\/path854-1-300x278.png\" class=\"attachment-medium size-medium wp-image-3063\" alt=\"\" srcset=\"https:\/\/farmabrizovi.com\/wp-content\/uploads\/2023\/10\/path854-1-300x278.png 300w, https:\/\/farmabrizovi.com\/wp-content\/uploads\/2023\/10\/path854-1.png 367w\" sizes=\"(max-width: 300px) 100vw, 300px\" \/>\t\t\t\t\t\t\t\t<\/a>\n\t\t\t\t\t\t\t\t\t\t\t\t\t\t\t<\/div>\n\t\t\t\t<\/div>\n\t\t\t\t\t<\/div>\n\t\t<\/div>\n\t\t\t\t\t<\/div>\n\t\t<\/section>\n\t\t\t\t<section class=\"elementor-section elementor-top-section elementor-element elementor-element-db5a3f2 elementor-section-boxed elementor-section-height-default elementor-section-height-default\" data-id=\"db5a3f2\" data-element_type=\"section\">\n\t\t\t\t\t\t<div class=\"elementor-container elementor-column-gap-default\">\n\t\t\t\t\t<div class=\"elementor-column elementor-col-100 elementor-top-column elementor-element elementor-element-29c1fb1\" data-id=\"29c1fb1\" data-element_type=\"column\">\n\t\t\t<div class=\"elementor-widget-wrap elementor-element-populated\">\n\t\t\t\t\t\t<div class=\"elementor-element elementor-element-a81d62b elementor-shape-rounded elementor-grid-0 e-grid-align-center elementor-widget elementor-widget-social-icons\" data-id=\"a81d62b\" data-element_type=\"widget\" data-widget_type=\"social-icons.default\">\n\t\t\t\t<div class=\"elementor-widget-container\">\n\t\t\t\t\t\t\t<div class=\"elementor-social-icons-wrapper elementor-grid\">\n\t\t\t\t\t\t\t<span class=\"elementor-grid-item\">\n\t\t\t\t\t<a class=\"elementor-icon elementor-social-icon elementor-social-icon-facebook elementor-repeater-item-ce87a2d\" href=\"https:\/\/www.facebook.com\/profile.php?id=100087366980859\" target=\"_blank\">\n\t\t\t\t\t\t<span class=\"elementor-screen-only\">Facebook<\/span>\n\t\t\t\t\t\t<i class=\"fab fa-facebook\"><\/i>\t\t\t\t\t<\/a>\n\t\t\t\t<\/span>\n\t\t\t\t\t\t\t<span class=\"elementor-grid-item\">\n\t\t\t\t\t<a class=\"elementor-icon elementor-social-icon elementor-social-icon-instagram elementor-repeater-item-23ce33b\" href=\"https:\/\/www.instagram.com\/farma.brizovi\/?hl=cs\" target=\"_blank\">\n\t\t\t\t\t\t<span class=\"elementor-screen-only\">Instagram<\/span>\n\t\t\t\t\t\t<i class=\"fab fa-instagram\"><\/i>\t\t\t\t\t<\/a>\n\t\t\t\t<\/span>\n\t\t\t\t\t<\/div>\n\t\t\t\t\t\t<\/div>\n\t\t\t\t<\/div>\n\t\t\t\t\t<\/div>\n\t\t<\/div>\n\t\t\t\t\t<\/div>\n\t\t<\/section>\n\t\t\t\t<section class=\"elementor-section elementor-top-section elementor-element elementor-element-d8fa6f8 elementor-section-full_width elementor-section-height-default elementor-section-height-default\" data-id=\"d8fa6f8\" data-element_type=\"section\" data-settings=\"{&quot;background_background&quot;:&quot;classic&quot;}\">\n\t\t\t\t\t\t<div class=\"elementor-container elementor-column-gap-default\">\n\t\t\t\t\t<div class=\"elementor-column elementor-col-100 elementor-top-column elementor-element elementor-element-d085dac\" data-id=\"d085dac\" data-element_type=\"column\">\n\t\t\t<div class=\"elementor-widget-wrap elementor-element-populated\">\n\t\t\t\t\t\t<div class=\"elementor-element elementor-element-29446a4 elementor-widget elementor-widget-spacer\" data-id=\"29446a4\" data-element_type=\"widget\" data-widget_type=\"spacer.default\">\n\t\t\t\t<div class=\"elementor-widget-container\">\n\t\t\t\t\t\t\t<div class=\"elementor-spacer\">\n\t\t\t<div class=\"elementor-spacer-inner\"><\/div>\n\t\t<\/div>\n\t\t\t\t\t\t<\/div>\n\t\t\t\t<\/div>\n\t\t\t\t\t<\/div>\n\t\t<\/div>\n\t\t\t\t\t<\/div>\n\t\t<\/section>\n\t\t\t\t<\/div>\n\t\t","protected":false},"excerpt":{"rendered":"<p>Strouh\u00e1n\u00ed kopyt u h\u0159\u00edbat M\u00e1me tu dal\u0161\u00ed p\u0159\u00edsp\u011bvek k p\u00e9\u010di o kopyta kon\u00ed. To, jak je to d\u016fle\u017eit\u00e9 jsme u\u017e probrali v minul\u00e9m \u010dl\u00e1nku, ale co takov\u00e1 h\u0159\u00edbata? Kdy je ide\u00e1ln\u00ed za\u010d\u00edt, a pro\u010d je to tak d\u016fle\u017eit\u00e9? Spr\u00e1vn\u00fd p\u0159\u00edstup u\u017e od h\u0159\u00edb\u011bte, je kl\u00ed\u010d k zdrav\u00e9mu koni do budoucna. P\u00e9\u010de o kop\u00fdtka h\u0159\u00edbat mus\u00ed [&hellip;]<\/p>\n","protected":false},"author":1,"featured_media":0,"parent":2762,"menu_order":1,"comment_status":"closed","ping_status":"closed","template":"","meta":{"om_disable_all_campaigns":false,"_monsterinsights_skip_tracking":false,"_monsterinsights_sitenote_active":false,"_monsterinsights_sitenote_note":"","_monsterinsights_sitenote_category":0,"site-sidebar-layout":"no-sidebar","site-content-layout":"page-builder","ast-site-content-layout":"default","site-content-style":"default","site-sidebar-style":"default","ast-global-header-display":"","ast-banner-title-visibility":"","ast-main-header-display":"","ast-hfb-above-header-display":"","ast-hfb-below-header-display":"","ast-hfb-mobile-header-display":"","site-post-title":"disabled","ast-breadcrumbs-content":"","ast-featured-img":"disabled","footer-sml-layout":"","theme-transparent-header-meta":"","adv-header-id-meta":"","stick-header-meta":"","header-above-stick-meta":"","header-main-stick-meta":"","header-below-stick-meta":"","astra-migrate-meta-layouts":"set","ast-page-background-enabled":"default","ast-page-background-meta":{"desktop":{"background-color":"var(--ast-global-color-4)","background-image":"","background-repeat":"repeat","background-position":"center center","background-size":"auto","background-attachment":"scroll","background-type":"","background-media":"","overlay-type":"","overlay-color":"","overlay-opacity":"","overlay-gradient":""},"tablet":{"background-color":"","background-image":"","background-repeat":"repeat","background-position":"center center","background-size":"auto","background-attachment":"scroll","background-type":"","background-media":"","overlay-type":"","overlay-color":"","overlay-opacity":"","overlay-gradient":""},"mobile":{"background-color":"","background-image":"","background-repeat":"repeat","background-position":"center center","background-size":"auto","background-attachment":"scroll","background-type":"","background-media":"","overlay-type":"","overlay-color":"","overlay-opacity":"","overlay-gradient":""}},"ast-content-background-meta":{"desktop":{"background-color":"var(--ast-global-color-5)","background-image":"","background-repeat":"repeat","background-position":"center center","background-size":"auto","background-attachment":"scroll","background-type":"","background-media":"","overlay-type":"","overlay-color":"","overlay-opacity":"","overlay-gradient":""},"tablet":{"background-color":"var(--ast-global-color-5)","background-image":"","background-repeat":"repeat","background-position":"center center","background-size":"auto","background-attachment":"scroll","background-type":"","background-media":"","overlay-type":"","overlay-color":"","overlay-opacity":"","overlay-gradient":""},"mobile":{"background-color":"var(--ast-global-color-5)","background-image":"","background-repeat":"repeat","background-position":"center center","background-size":"auto","background-attachment":"scroll","background-type":"","background-media":"","overlay-type":"","overlay-color":"","overlay-opacity":"","overlay-gradient":""}},"footnotes":""},"class_list":["post-3164","page","type-page","status-publish","hentry"],"aioseo_notices":[],"_links":{"self":[{"href":"https:\/\/farmabrizovi.com\/index.php\/wp-json\/wp\/v2\/pages\/3164","targetHints":{"allow":["GET"]}}],"collection":[{"href":"https:\/\/farmabrizovi.com\/index.php\/wp-json\/wp\/v2\/pages"}],"about":[{"href":"https:\/\/farmabrizovi.com\/index.php\/wp-json\/wp\/v2\/types\/page"}],"author":[{"embeddable":true,"href":"https:\/\/farmabrizovi.com\/index.php\/wp-json\/wp\/v2\/users\/1"}],"replies":[{"embeddable":true,"href":"https:\/\/farmabrizovi.com\/index.php\/wp-json\/wp\/v2\/comments?post=3164"}],"version-history":[{"count":31,"href":"https:\/\/farmabrizovi.com\/index.php\/wp-json\/wp\/v2\/pages\/3164\/revisions"}],"predecessor-version":[{"id":4531,"href":"https:\/\/farmabrizovi.com\/index.php\/wp-json\/wp\/v2\/pages\/3164\/revisions\/4531"}],"up":[{"embeddable":true,"href":"https:\/\/farmabrizovi.com\/index.php\/wp-json\/wp\/v2\/pages\/2762"}],"wp:attachment":[{"href":"https:\/\/farmabrizovi.com\/index.php\/wp-json\/wp\/v2\/media?parent=3164"}],"curies":[{"name":"wp","href":"https:\/\/api.w.org\/{rel}","templated":true}]}}