{"id":3122,"date":"2023-11-03T17:30:00","date_gmt":"2023-11-03T17:30:00","guid":{"rendered":"https:\/\/farmabrizovi.com\/?page_id=3122"},"modified":"2023-11-03T17:42:37","modified_gmt":"2023-11-03T17:42:37","slug":"polarka","status":"publish","type":"page","link":"https:\/\/farmabrizovi.com\/index.php\/aktuality\/polarka\/","title":{"rendered":"Pol\u00e1rka"},"content":{"rendered":"\t\t<div data-elementor-type=\"wp-page\" data-elementor-id=\"3122\" class=\"elementor elementor-3122\">\n\t\t\t\t\t\t<section class=\"elementor-section elementor-top-section elementor-element elementor-element-68e5a9b elementor-section-boxed elementor-section-height-default elementor-section-height-default\" data-id=\"68e5a9b\" data-element_type=\"section\">\n\t\t\t\t\t\t<div class=\"elementor-container elementor-column-gap-default\">\n\t\t\t\t\t<div class=\"elementor-column elementor-col-100 elementor-top-column elementor-element elementor-element-ea810dc\" data-id=\"ea810dc\" data-element_type=\"column\">\n\t\t\t<div class=\"elementor-widget-wrap elementor-element-populated\">\n\t\t\t\t\t\t<div class=\"elementor-element elementor-element-8bbea21 elementor-widget elementor-widget-heading\" data-id=\"8bbea21\" data-element_type=\"widget\" data-settings=\"{&quot;_animation&quot;:&quot;none&quot;,&quot;_animation_widescreen&quot;:&quot;none&quot;,&quot;_animation_tablet&quot;:&quot;none&quot;}\" data-widget_type=\"heading.default\">\n\t\t\t\t<div class=\"elementor-widget-container\">\n\t\t\t\t\t<h1 class=\"elementor-heading-title elementor-size-default\">Pol\u00e1rka\ud83e\udde1<\/h1>\t\t\t\t<\/div>\n\t\t\t\t<\/div>\n\t\t\t\t\t<\/div>\n\t\t<\/div>\n\t\t\t\t\t<\/div>\n\t\t<\/section>\n\t\t\t\t<section class=\"elementor-section elementor-top-section elementor-element elementor-element-bab4b59 elementor-section-boxed elementor-section-height-default elementor-section-height-default\" data-id=\"bab4b59\" data-element_type=\"section\">\n\t\t\t\t\t\t<div class=\"elementor-container elementor-column-gap-default\">\n\t\t\t\t\t<div class=\"elementor-column elementor-col-100 elementor-top-column elementor-element elementor-element-e516992\" data-id=\"e516992\" data-element_type=\"column\">\n\t\t\t<div class=\"elementor-widget-wrap elementor-element-populated\">\n\t\t\t\t\t\t<div class=\"elementor-element elementor-element-11ff19c elementor-widget elementor-widget-text-editor\" data-id=\"11ff19c\" data-element_type=\"widget\" data-widget_type=\"text-editor.default\">\n\t\t\t\t<div class=\"elementor-widget-container\">\n\t\t\t\t\t\t\t\t\t<div dir=\"auto\">Pol\u00e1rka je rok a p\u016fl star\u00e1 ko\u010di\u010dka.<\/div><div dir=\"auto\">A r\u00e1di bychom V\u00e1m te\u010f n\u011bco m\u00e1lo o n\u00ed pov\u011bd\u011bli.<\/div><div dir=\"auto\">\u00a0<\/div><div dir=\"auto\">Pol\u00e1rka byla velmi \u0161\u0165astn\u00e9 a plach\u00e9 jarn\u00ed ko\u0165\u00e1tko. Neust\u00e1le si hr\u00e1la, objevovala z\u00e1kout\u00ed farmy a pomalu za\u010d\u00ednala ch\u00e1pat, \u017ee lidsk\u00e1 ruka je super n\u00e1stroj na drbk\u00e1n\u00ed.<\/div><div dir=\"auto\">Bylo n\u00e1m jasn\u00e9, \u017ee dal\u0161\u00ed rok na ja\u0159e p\u0159ivede na sv\u011bt ko\u0165ata a stane se matkou. Prvn\u00ed \u0159\u00edje se u ko\u010dek objevuje mezi 4. a\u017e 12. m\u011bs\u00edcem jejich \u017eivota. Po zv\u00e1\u017een\u00ed jsme usoudili \u017ee nejlep\u0161\u00edm \u0159e\u0161en\u00edm bude po\u010dkat do jednoho roku a umo\u017enit ji takov\u00e9 podm\u00ednky, aby byla schopna p\u0159iv\u00e9st ko\u0165ata bezpe\u010dn\u011b na sv\u011bt a nechat ji st\u00e1t se m\u00e1mou.<\/div><div dir=\"auto\">\u00a0<\/div><div dir=\"auto\">Pol\u00e1rka na ja\u0159e porodila \u010dty\u0159i kr\u00e1sn\u00e1 a zdrav\u00e1 ko\u0165ata, kter\u00e1 u\u017e te\u010f maj\u00ed \u00fa\u017easn\u00fd a miluj\u00edc\u00ed domov. Ko\u0165ata byla s maminkou podobu osmi t\u00fddnu. Poli byla jednozna\u010dn\u011b super m\u00e1ma.<\/div><div dir=\"auto\">Kdy\u017e u\u017e byla ko\u0165ata v nov\u00e9m domov\u011b, rozhodli jsme se nechat Poli vykastrovat. Bylo n\u00e1m jasn\u00e9, \u017ee jak\u00e9koli odkl\u00e1dan\u00ed nen\u00ed mo\u017en\u00e9, aby op\u011bt nezab\u0159ezla. U ko\u010dek je to velmi rychl\u00e9.<\/div><div dir=\"auto\">Pol\u00e1rka tak za p\u00e1r dn\u00ed nav\u0161t\u00edvila pan\u00ed veterin\u00e1\u0159ku. Po z\u00e1kroku jsme nechali Pol\u00e1rku v klidu, aby se nestresovala a po p\u00e1r dnech u\u017e byla vesel\u00e1 a hr\u00e1la si.<\/div><div dir=\"auto\">No a jak se m\u00e1 Poli dnes? Je to neskute\u010dn\u00e9 \u0161\u0165astn\u00e1 ko\u010dka, kter\u00e1 si neust\u00e1le hraje, sp\u00ed a lov\u00ed my\u0161ky. Ano, z ko\u010dek se po kastraci nemus\u00ed nutn\u011b st\u00e1t lenivci, ba naopak, ko\u010dka se sv\u00fdm zp\u016fsobem vr\u00e1t\u00ed zp\u011bt do dob kot\u011bte, rada si hraje, je mazliv\u00e1 a \u0161\u0165astn\u00e1.<br \/><br \/><\/div><div dir=\"auto\">Kastrace nen\u00ed dr\u00e1ha z\u00e1le\u017eitost, je daleko lep\u0161\u00ed, ne\u017e n\u011bkolikr\u00e1t do roka \u0159e\u0161it, co s ko\u0165aty. Je lep\u0161\u00ed ne\u017e \u0159e\u0161it probl\u00e9my s d\u011blohou, kter\u00e9 pravd\u011bpodobn\u011b p\u0159ijdou se st\u00e1\u0159\u00edm ko\u010dky. A samoz\u0159ejm\u011b, t\u00fdk\u00e1 se to i kocourk\u016f. Nen\u00ed to probl\u00e9m pouze ko\u010dek <span class=\"x3nfvp2 x1j61x8r x1fcty0u xdj266r xhhsvwb xat24cr xgzva0m xxymvpz xlup9mm x1kky2od\"><img decoding=\"async\" class=\"xz74otr\" src=\"https:\/\/static.xx.fbcdn.net\/images\/emoji.php\/v9\/td8\/1.5\/16\/1f60a.png\" alt=\"\ud83d\ude0a\" width=\"16\" height=\"16\" \/><\/span><\/div><div dir=\"auto\">Ko\u010dek i kocourk\u016f je na sv\u011bt\u011b hodn\u011b. Je lep\u0161\u00ed d\u00e1t domov ko\u010dce, kter\u00e1 ho do te\u010f nedostala a zaslou\u017e\u00ed si ho <span class=\"x3nfvp2 x1j61x8r x1fcty0u xdj266r xhhsvwb xat24cr xgzva0m xxymvpz xlup9mm x1kky2od\"><img decoding=\"async\" class=\"xz74otr\" src=\"https:\/\/static.xx.fbcdn.net\/images\/emoji.php\/v9\/tf3\/1.5\/16\/2764.png\" alt=\"\u2764\ufe0f\" width=\"16\" height=\"16\" \/><\/span><\/div><div dir=\"auto\">Moc d\u011bkujeme za p\u0159e\u010dten\u00ed cel\u00e9ho p\u0159\u00edb\u011bhu <span class=\"x3nfvp2 x1j61x8r x1fcty0u xdj266r xhhsvwb xat24cr xgzva0m xxymvpz xlup9mm x1kky2od\"><img decoding=\"async\" class=\"xz74otr\" src=\"https:\/\/static.xx.fbcdn.net\/images\/emoji.php\/v9\/tae\/1.5\/16\/1f607.png\" alt=\"\ud83d\ude07\" width=\"16\" height=\"16\" \/><\/span><\/div>\t\t\t\t\t\t\t\t<\/div>\n\t\t\t\t<\/div>\n\t\t\t\t\t<\/div>\n\t\t<\/div>\n\t\t\t\t\t<\/div>\n\t\t<\/section>\n\t\t\t\t<section class=\"elementor-section elementor-top-section elementor-element elementor-element-8169a42 elementor-section-boxed elementor-section-height-default elementor-section-height-default\" data-id=\"8169a42\" data-element_type=\"section\">\n\t\t\t\t\t\t<div class=\"elementor-container elementor-column-gap-default\">\n\t\t\t\t\t<div class=\"elementor-column elementor-col-100 elementor-top-column elementor-element elementor-element-1df8bb8\" data-id=\"1df8bb8\" data-element_type=\"column\">\n\t\t\t<div class=\"elementor-widget-wrap elementor-element-populated\">\n\t\t\t\t\t\t<div class=\"elementor-element elementor-element-7857698 gallery-spacing-custom elementor-widget elementor-widget-image-gallery\" data-id=\"7857698\" data-element_type=\"widget\" data-widget_type=\"image-gallery.default\">\n\t\t\t\t<div class=\"elementor-widget-container\">\n\t\t\t\t\t\t\t<div class=\"elementor-image-gallery\">\n\t\t\t<div id='gallery-1' class='gallery galleryid-3122 gallery-columns-1 gallery-size-medium_large'><figure class='gallery-item'>\n\t\t\t<div class='gallery-icon portrait'>\n\t\t\t\t<a data-elementor-open-lightbox=\"no\" href='https:\/\/farmabrizovi.com\/wp-content\/uploads\/2023\/11\/P1140275-scaled.jpg'><img loading=\"lazy\" decoding=\"async\" width=\"768\" height=\"1151\" src=\"https:\/\/farmabrizovi.com\/wp-content\/uploads\/2023\/11\/P1140275-768x1151.jpg\" class=\"attachment-medium_large size-medium_large\" alt=\"\" srcset=\"https:\/\/farmabrizovi.com\/wp-content\/uploads\/2023\/11\/P1140275-768x1151.jpg 768w, https:\/\/farmabrizovi.com\/wp-content\/uploads\/2023\/11\/P1140275-200x300.jpg 200w, https:\/\/farmabrizovi.com\/wp-content\/uploads\/2023\/11\/P1140275-683x1024.jpg 683w, https:\/\/farmabrizovi.com\/wp-content\/uploads\/2023\/11\/P1140275-1025x1536.jpg 1025w, https:\/\/farmabrizovi.com\/wp-content\/uploads\/2023\/11\/P1140275-1367x2048.jpg 1367w, https:\/\/farmabrizovi.com\/wp-content\/uploads\/2023\/11\/P1140275-scaled.jpg 1708w\" sizes=\"(max-width: 768px) 100vw, 768px\" \/><\/a>\n\t\t\t<\/div><\/figure><figure class='gallery-item'>\n\t\t\t<div class='gallery-icon portrait'>\n\t\t\t\t<a data-elementor-open-lightbox=\"no\" href='https:\/\/farmabrizovi.com\/wp-content\/uploads\/2023\/11\/P1590059-scaled.jpg'><img loading=\"lazy\" decoding=\"async\" width=\"768\" height=\"1151\" src=\"https:\/\/farmabrizovi.com\/wp-content\/uploads\/2023\/11\/P1590059-768x1151.jpg\" class=\"attachment-medium_large size-medium_large\" alt=\"\" srcset=\"https:\/\/farmabrizovi.com\/wp-content\/uploads\/2023\/11\/P1590059-768x1151.jpg 768w, https:\/\/farmabrizovi.com\/wp-content\/uploads\/2023\/11\/P1590059-200x300.jpg 200w, https:\/\/farmabrizovi.com\/wp-content\/uploads\/2023\/11\/P1590059-683x1024.jpg 683w, https:\/\/farmabrizovi.com\/wp-content\/uploads\/2023\/11\/P1590059-1025x1536.jpg 1025w, https:\/\/farmabrizovi.com\/wp-content\/uploads\/2023\/11\/P1590059-1367x2048.jpg 1367w, https:\/\/farmabrizovi.com\/wp-content\/uploads\/2023\/11\/P1590059-scaled.jpg 1708w\" sizes=\"(max-width: 768px) 100vw, 768px\" \/><\/a>\n\t\t\t<\/div><\/figure><figure class='gallery-item'>\n\t\t\t<div class='gallery-icon portrait'>\n\t\t\t\t<a data-elementor-open-lightbox=\"no\" href='https:\/\/farmabrizovi.com\/wp-content\/uploads\/2023\/11\/391695826_287590950829802_1112633787577216809_n.jpg'><img loading=\"lazy\" decoding=\"async\" width=\"768\" height=\"1024\" src=\"https:\/\/farmabrizovi.com\/wp-content\/uploads\/2023\/11\/391695826_287590950829802_1112633787577216809_n-768x1024.jpg\" class=\"attachment-medium_large size-medium_large\" alt=\"\" srcset=\"https:\/\/farmabrizovi.com\/wp-content\/uploads\/2023\/11\/391695826_287590950829802_1112633787577216809_n-768x1024.jpg 768w, https:\/\/farmabrizovi.com\/wp-content\/uploads\/2023\/11\/391695826_287590950829802_1112633787577216809_n-225x300.jpg 225w, https:\/\/farmabrizovi.com\/wp-content\/uploads\/2023\/11\/391695826_287590950829802_1112633787577216809_n-1152x1536.jpg 1152w, https:\/\/farmabrizovi.com\/wp-content\/uploads\/2023\/11\/391695826_287590950829802_1112633787577216809_n.jpg 1536w\" sizes=\"(max-width: 768px) 100vw, 768px\" \/><\/a>\n\t\t\t<\/div><\/figure><figure class='gallery-item'>\n\t\t\t<div class='gallery-icon portrait'>\n\t\t\t\t<a data-elementor-open-lightbox=\"no\" href='https:\/\/farmabrizovi.com\/wp-content\/uploads\/2023\/11\/P1590166-scaled-e1699033277811.jpg'><img loading=\"lazy\" decoding=\"async\" width=\"768\" height=\"1151\" src=\"https:\/\/farmabrizovi.com\/wp-content\/uploads\/2023\/11\/P1590166-scaled-e1699033277811-768x1151.jpg\" class=\"attachment-medium_large size-medium_large\" alt=\"\" srcset=\"https:\/\/farmabrizovi.com\/wp-content\/uploads\/2023\/11\/P1590166-scaled-e1699033277811-768x1151.jpg 768w, https:\/\/farmabrizovi.com\/wp-content\/uploads\/2023\/11\/P1590166-scaled-e1699033277811-200x300.jpg 200w, https:\/\/farmabrizovi.com\/wp-content\/uploads\/2023\/11\/P1590166-scaled-e1699033277811-683x1024.jpg 683w, https:\/\/farmabrizovi.com\/wp-content\/uploads\/2023\/11\/P1590166-scaled-e1699033277811-1025x1536.jpg 1025w, https:\/\/farmabrizovi.com\/wp-content\/uploads\/2023\/11\/P1590166-scaled-e1699033277811-1366x2048.jpg 1366w, https:\/\/farmabrizovi.com\/wp-content\/uploads\/2023\/11\/P1590166-scaled-e1699033277811.jpg 1708w\" sizes=\"(max-width: 768px) 100vw, 768px\" \/><\/a>\n\t\t\t<\/div><\/figure><figure class='gallery-item'>\n\t\t\t<div class='gallery-icon portrait'>\n\t\t\t\t<a data-elementor-open-lightbox=\"no\" href='https:\/\/farmabrizovi.com\/wp-content\/uploads\/2023\/11\/392939059_287590940829803_6236239911895639224_n.jpg'><img loading=\"lazy\" decoding=\"async\" width=\"768\" height=\"1024\" src=\"https:\/\/farmabrizovi.com\/wp-content\/uploads\/2023\/11\/392939059_287590940829803_6236239911895639224_n-768x1024.jpg\" class=\"attachment-medium_large size-medium_large\" alt=\"\" srcset=\"https:\/\/farmabrizovi.com\/wp-content\/uploads\/2023\/11\/392939059_287590940829803_6236239911895639224_n-768x1024.jpg 768w, https:\/\/farmabrizovi.com\/wp-content\/uploads\/2023\/11\/392939059_287590940829803_6236239911895639224_n-225x300.jpg 225w, https:\/\/farmabrizovi.com\/wp-content\/uploads\/2023\/11\/392939059_287590940829803_6236239911895639224_n-1152x1536.jpg 1152w, https:\/\/farmabrizovi.com\/wp-content\/uploads\/2023\/11\/392939059_287590940829803_6236239911895639224_n.jpg 1536w\" sizes=\"(max-width: 768px) 100vw, 768px\" \/><\/a>\n\t\t\t<\/div><\/figure><figure class='gallery-item'>\n\t\t\t<div class='gallery-icon portrait'>\n\t\t\t\t<a data-elementor-open-lightbox=\"no\" href='https:\/\/farmabrizovi.com\/wp-content\/uploads\/2023\/11\/391695064_287591020829795_6858034627709007432_n.jpg'><img loading=\"lazy\" decoding=\"async\" width=\"750\" height=\"1334\" src=\"https:\/\/farmabrizovi.com\/wp-content\/uploads\/2023\/11\/391695064_287591020829795_6858034627709007432_n.jpg\" class=\"attachment-medium_large size-medium_large\" alt=\"\" srcset=\"https:\/\/farmabrizovi.com\/wp-content\/uploads\/2023\/11\/391695064_287591020829795_6858034627709007432_n.jpg 750w, https:\/\/farmabrizovi.com\/wp-content\/uploads\/2023\/11\/391695064_287591020829795_6858034627709007432_n-169x300.jpg 169w, https:\/\/farmabrizovi.com\/wp-content\/uploads\/2023\/11\/391695064_287591020829795_6858034627709007432_n-576x1024.jpg 576w\" sizes=\"(max-width: 750px) 100vw, 750px\" \/><\/a>\n\t\t\t<\/div><\/figure><figure class='gallery-item'>\n\t\t\t<div class='gallery-icon portrait'>\n\t\t\t\t<a data-elementor-open-lightbox=\"no\" href='https:\/\/farmabrizovi.com\/wp-content\/uploads\/2023\/11\/P1590186-scaled.jpg'><img loading=\"lazy\" decoding=\"async\" width=\"768\" height=\"1151\" src=\"https:\/\/farmabrizovi.com\/wp-content\/uploads\/2023\/11\/P1590186-768x1151.jpg\" class=\"attachment-medium_large size-medium_large\" alt=\"\" srcset=\"https:\/\/farmabrizovi.com\/wp-content\/uploads\/2023\/11\/P1590186-768x1151.jpg 768w, https:\/\/farmabrizovi.com\/wp-content\/uploads\/2023\/11\/P1590186-200x300.jpg 200w, https:\/\/farmabrizovi.com\/wp-content\/uploads\/2023\/11\/P1590186-683x1024.jpg 683w, https:\/\/farmabrizovi.com\/wp-content\/uploads\/2023\/11\/P1590186-1025x1536.jpg 1025w, https:\/\/farmabrizovi.com\/wp-content\/uploads\/2023\/11\/P1590186-1367x2048.jpg 1367w, https:\/\/farmabrizovi.com\/wp-content\/uploads\/2023\/11\/P1590186-scaled.jpg 1708w\" sizes=\"(max-width: 768px) 100vw, 768px\" \/><\/a>\n\t\t\t<\/div><\/figure><figure class='gallery-item'>\n\t\t\t<div class='gallery-icon portrait'>\n\t\t\t\t<a data-elementor-open-lightbox=\"no\" href='https:\/\/farmabrizovi.com\/wp-content\/uploads\/2023\/11\/P1140213-scaled.jpg'><img loading=\"lazy\" decoding=\"async\" width=\"768\" height=\"1151\" src=\"https:\/\/farmabrizovi.com\/wp-content\/uploads\/2023\/11\/P1140213-768x1151.jpg\" class=\"attachment-medium_large size-medium_large\" alt=\"\" srcset=\"https:\/\/farmabrizovi.com\/wp-content\/uploads\/2023\/11\/P1140213-768x1151.jpg 768w, https:\/\/farmabrizovi.com\/wp-content\/uploads\/2023\/11\/P1140213-200x300.jpg 200w, https:\/\/farmabrizovi.com\/wp-content\/uploads\/2023\/11\/P1140213-683x1024.jpg 683w, https:\/\/farmabrizovi.com\/wp-content\/uploads\/2023\/11\/P1140213-1025x1536.jpg 1025w, https:\/\/farmabrizovi.com\/wp-content\/uploads\/2023\/11\/P1140213-1367x2048.jpg 1367w, https:\/\/farmabrizovi.com\/wp-content\/uploads\/2023\/11\/P1140213-scaled.jpg 1708w\" sizes=\"(max-width: 768px) 100vw, 768px\" \/><\/a>\n\t\t\t<\/div><\/figure>\n\t\t<\/div>\n\t\t<\/div>\n\t\t\t\t\t\t<\/div>\n\t\t\t\t<\/div>\n\t\t\t\t\t<\/div>\n\t\t<\/div>\n\t\t\t\t\t<\/div>\n\t\t<\/section>\n\t\t\t\t<section class=\"elementor-section elementor-top-section elementor-element elementor-element-db5a3f2 elementor-section-boxed elementor-section-height-default elementor-section-height-default\" data-id=\"db5a3f2\" data-element_type=\"section\">\n\t\t\t\t\t\t<div class=\"elementor-container elementor-column-gap-default\">\n\t\t\t\t\t<div class=\"elementor-column elementor-col-100 elementor-top-column elementor-element elementor-element-29c1fb1\" data-id=\"29c1fb1\" data-element_type=\"column\">\n\t\t\t<div class=\"elementor-widget-wrap elementor-element-populated\">\n\t\t\t\t\t\t<div class=\"elementor-element elementor-element-a81d62b elementor-shape-rounded elementor-grid-0 e-grid-align-center elementor-widget elementor-widget-social-icons\" data-id=\"a81d62b\" data-element_type=\"widget\" data-widget_type=\"social-icons.default\">\n\t\t\t\t<div class=\"elementor-widget-container\">\n\t\t\t\t\t\t\t<div class=\"elementor-social-icons-wrapper elementor-grid\">\n\t\t\t\t\t\t\t<span class=\"elementor-grid-item\">\n\t\t\t\t\t<a class=\"elementor-icon elementor-social-icon elementor-social-icon-facebook elementor-repeater-item-ce87a2d\" href=\"https:\/\/www.facebook.com\/profile.php?id=100087366980859\" target=\"_blank\">\n\t\t\t\t\t\t<span class=\"elementor-screen-only\">Facebook<\/span>\n\t\t\t\t\t\t<i class=\"fab fa-facebook\"><\/i>\t\t\t\t\t<\/a>\n\t\t\t\t<\/span>\n\t\t\t\t\t\t\t<span class=\"elementor-grid-item\">\n\t\t\t\t\t<a class=\"elementor-icon elementor-social-icon elementor-social-icon-instagram elementor-repeater-item-23ce33b\" href=\"https:\/\/www.instagram.com\/farma.brizovi\/?hl=cs\" target=\"_blank\">\n\t\t\t\t\t\t<span class=\"elementor-screen-only\">Instagram<\/span>\n\t\t\t\t\t\t<i class=\"fab fa-instagram\"><\/i>\t\t\t\t\t<\/a>\n\t\t\t\t<\/span>\n\t\t\t\t\t<\/div>\n\t\t\t\t\t\t<\/div>\n\t\t\t\t<\/div>\n\t\t\t\t\t<\/div>\n\t\t<\/div>\n\t\t\t\t\t<\/div>\n\t\t<\/section>\n\t\t\t\t<section class=\"elementor-section elementor-top-section elementor-element elementor-element-d8fa6f8 elementor-section-full_width elementor-section-height-default elementor-section-height-default\" data-id=\"d8fa6f8\" data-element_type=\"section\" data-settings=\"{&quot;background_background&quot;:&quot;classic&quot;}\">\n\t\t\t\t\t\t<div class=\"elementor-container elementor-column-gap-default\">\n\t\t\t\t\t<div class=\"elementor-column elementor-col-100 elementor-top-column elementor-element elementor-element-d085dac\" data-id=\"d085dac\" data-element_type=\"column\">\n\t\t\t<div class=\"elementor-widget-wrap elementor-element-populated\">\n\t\t\t\t\t\t<div class=\"elementor-element elementor-element-29446a4 elementor-widget elementor-widget-spacer\" data-id=\"29446a4\" data-element_type=\"widget\" data-widget_type=\"spacer.default\">\n\t\t\t\t<div class=\"elementor-widget-container\">\n\t\t\t\t\t\t\t<div class=\"elementor-spacer\">\n\t\t\t<div class=\"elementor-spacer-inner\"><\/div>\n\t\t<\/div>\n\t\t\t\t\t\t<\/div>\n\t\t\t\t<\/div>\n\t\t\t\t\t<\/div>\n\t\t<\/div>\n\t\t\t\t\t<\/div>\n\t\t<\/section>\n\t\t\t\t<\/div>\n\t\t","protected":false},"excerpt":{"rendered":"<p>Pol\u00e1rka\ud83e\udde1 Pol\u00e1rka je rok a p\u016fl star\u00e1 ko\u010di\u010dka.A r\u00e1di bychom V\u00e1m te\u010f n\u011bco m\u00e1lo o n\u00ed pov\u011bd\u011bli.\u00a0Pol\u00e1rka byla velmi \u0161\u0165astn\u00e9 a plach\u00e9 jarn\u00ed ko\u0165\u00e1tko. Neust\u00e1le si hr\u00e1la, objevovala z\u00e1kout\u00ed farmy a pomalu za\u010d\u00ednala ch\u00e1pat, \u017ee lidsk\u00e1 ruka je super n\u00e1stroj na drbk\u00e1n\u00ed.Bylo n\u00e1m jasn\u00e9, \u017ee dal\u0161\u00ed rok na ja\u0159e p\u0159ivede na sv\u011bt ko\u0165ata a stane [&hellip;]<\/p>\n","protected":false},"author":1,"featured_media":0,"parent":2762,"menu_order":1,"comment_status":"closed","ping_status":"closed","template":"","meta":{"om_disable_all_campaigns":false,"_monsterinsights_skip_tracking":false,"_monsterinsights_sitenote_active":false,"_monsterinsights_sitenote_note":"","_monsterinsights_sitenote_category":0,"site-sidebar-layout":"no-sidebar","site-content-layout":"page-builder","ast-site-content-layout":"default","site-content-style":"default","site-sidebar-style":"default","ast-global-header-display":"","ast-banner-title-visibility":"","ast-main-header-display":"","ast-hfb-above-header-display":"","ast-hfb-below-header-display":"","ast-hfb-mobile-header-display":"","site-post-title":"disabled","ast-breadcrumbs-content":"","ast-featured-img":"disabled","footer-sml-layout":"","theme-transparent-header-meta":"","adv-header-id-meta":"","stick-header-meta":"","header-above-stick-meta":"","header-main-stick-meta":"","header-below-stick-meta":"","astra-migrate-meta-layouts":"set","ast-page-background-enabled":"default","ast-page-background-meta":{"desktop":{"background-color":"var(--ast-global-color-4)","background-image":"","background-repeat":"repeat","background-position":"center center","background-size":"auto","background-attachment":"scroll","background-type":"","background-media":"","overlay-type":"","overlay-color":"","overlay-opacity":"","overlay-gradient":""},"tablet":{"background-color":"","background-image":"","background-repeat":"repeat","background-position":"center center","background-size":"auto","background-attachment":"scroll","background-type":"","background-media":"","overlay-type":"","overlay-color":"","overlay-opacity":"","overlay-gradient":""},"mobile":{"background-color":"","background-image":"","background-repeat":"repeat","background-position":"center center","background-size":"auto","background-attachment":"scroll","background-type":"","background-media":"","overlay-type":"","overlay-color":"","overlay-opacity":"","overlay-gradient":""}},"ast-content-background-meta":{"desktop":{"background-color":"var(--ast-global-color-5)","background-image":"","background-repeat":"repeat","background-position":"center center","background-size":"auto","background-attachment":"scroll","background-type":"","background-media":"","overlay-type":"","overlay-color":"","overlay-opacity":"","overlay-gradient":""},"tablet":{"background-color":"var(--ast-global-color-5)","background-image":"","background-repeat":"repeat","background-position":"center center","background-size":"auto","background-attachment":"scroll","background-type":"","background-media":"","overlay-type":"","overlay-color":"","overlay-opacity":"","overlay-gradient":""},"mobile":{"background-color":"var(--ast-global-color-5)","background-image":"","background-repeat":"repeat","background-position":"center center","background-size":"auto","background-attachment":"scroll","background-type":"","background-media":"","overlay-type":"","overlay-color":"","overlay-opacity":"","overlay-gradient":""}},"footnotes":""},"class_list":["post-3122","page","type-page","status-publish","hentry"],"aioseo_notices":[],"_links":{"self":[{"href":"https:\/\/farmabrizovi.com\/index.php\/wp-json\/wp\/v2\/pages\/3122","targetHints":{"allow":["GET"]}}],"collection":[{"href":"https:\/\/farmabrizovi.com\/index.php\/wp-json\/wp\/v2\/pages"}],"about":[{"href":"https:\/\/farmabrizovi.com\/index.php\/wp-json\/wp\/v2\/types\/page"}],"author":[{"embeddable":true,"href":"https:\/\/farmabrizovi.com\/index.php\/wp-json\/wp\/v2\/users\/1"}],"replies":[{"embeddable":true,"href":"https:\/\/farmabrizovi.com\/index.php\/wp-json\/wp\/v2\/comments?post=3122"}],"version-history":[{"count":4,"href":"https:\/\/farmabrizovi.com\/index.php\/wp-json\/wp\/v2\/pages\/3122\/revisions"}],"predecessor-version":[{"id":3141,"href":"https:\/\/farmabrizovi.com\/index.php\/wp-json\/wp\/v2\/pages\/3122\/revisions\/3141"}],"up":[{"embeddable":true,"href":"https:\/\/farmabrizovi.com\/index.php\/wp-json\/wp\/v2\/pages\/2762"}],"wp:attachment":[{"href":"https:\/\/farmabrizovi.com\/index.php\/wp-json\/wp\/v2\/media?parent=3122"}],"curies":[{"name":"wp","href":"https:\/\/api.w.org\/{rel}","templated":true}]}}